{"id":37,"date":"2014-03-12T23:20:22","date_gmt":"2014-03-12T21:20:22","guid":{"rendered":"http:\/\/imroglass.ro\/?page_id=37"},"modified":"2019-02-06T14:40:04","modified_gmt":"2019-02-06T12:40:04","slug":"consultanta","status":"publish","type":"page","link":"https:\/\/imroglass.ro\/?page_id=37","title":{"rendered":"Consultanta"},"content":{"rendered":"<p>Datorit\u0103 unui know-how calificat, personalul IMROGLASS acorda sprijin \u00een toate etapele activit\u0103\u0163ii clientilor \u00a0\u015fi ofera \u00a0\u00eempreun\u0103 cu acestea cele mai bune solu\u0163ii posibile.<a href=\"http:\/\/imroglass.ro\/wp-content\/uploads\/2014\/03\/Dollarphotoclub_18122715.jpg\"><img loading=\"lazy\" decoding=\"async\" class=\"alignright size-medium wp-image-143\" alt=\"Two young engineers with blueprints in front of the building\" src=\"http:\/\/imroglass.ro\/wp-content\/uploads\/2014\/03\/Dollarphotoclub_18122715-300x199.jpg\" width=\"300\" height=\"199\" srcset=\"https:\/\/imroglass.ro\/wp-content\/uploads\/2014\/03\/Dollarphotoclub_18122715-300x199.jpg 300w, https:\/\/imroglass.ro\/wp-content\/uploads\/2014\/03\/Dollarphotoclub_18122715-1024x680.jpg 1024w, https:\/\/imroglass.ro\/wp-content\/uploads\/2014\/03\/Dollarphotoclub_18122715-60x39.jpg 60w, https:\/\/imroglass.ro\/wp-content\/uploads\/2014\/03\/Dollarphotoclub_18122715-105x70.jpg 105w\" sizes=\"(max-width: 300px) 100vw, 300px\" \/><\/a><\/p>\n","protected":false},"excerpt":{"rendered":"<p>Datorit\u0103 unui know-how calificat, personalul IMROGLASS acorda sprijin \u00een toate etapele activit\u0103\u0163ii clientilor \u00a0\u015fi ofera \u00a0\u00eempreun\u0103 cu acestea cele mai bune solu\u0163ii posibile.<\/p>\n","protected":false},"author":1,"featured_media":49,"parent":0,"menu_order":0,"comment_status":"open","ping_status":"open","template":"","meta":{"_genesis_hide_title":false,"_genesis_hide_breadcrumbs":false,"_genesis_hide_singular_image":false,"_genesis_hide_footer_widgets":false,"_genesis_custom_body_class":"","_genesis_custom_post_class":"","_genesis_layout":"","footnotes":""},"_links":{"self":[{"href":"https:\/\/imroglass.ro\/index.php?rest_route=\/wp\/v2\/pages\/37"}],"collection":[{"href":"https:\/\/imroglass.ro\/index.php?rest_route=\/wp\/v2\/pages"}],"about":[{"href":"https:\/\/imroglass.ro\/index.php?rest_route=\/wp\/v2\/types\/page"}],"author":[{"embeddable":true,"href":"https:\/\/imroglass.ro\/index.php?rest_route=\/wp\/v2\/users\/1"}],"replies":[{"embeddable":true,"href":"https:\/\/imroglass.ro\/index.php?rest_route=%2Fwp%2Fv2%2Fcomments&post=37"}],"version-history":[{"count":5,"href":"https:\/\/imroglass.ro\/index.php?rest_route=\/wp\/v2\/pages\/37\/revisions"}],"predecessor-version":[{"id":180,"href":"https:\/\/imroglass.ro\/index.php?rest_route=\/wp\/v2\/pages\/37\/revisions\/180"}],"wp:featuredmedia":[{"embeddable":true,"href":"https:\/\/imroglass.ro\/index.php?rest_route=\/wp\/v2\/media\/49"}],"wp:attachment":[{"href":"https:\/\/imroglass.ro\/index.php?rest_route=%2Fwp%2Fv2%2Fmedia&parent=37"}],"curies":[{"name":"wp","href":"https:\/\/api.w.org\/{rel}","templated":true}]}}