{"id":19,"date":"2014-03-12T22:59:48","date_gmt":"2014-03-12T20:59:48","guid":{"rendered":"http:\/\/imroglass.ro\/?page_id=19"},"modified":"2014-03-31T19:20:00","modified_gmt":"2014-03-31T16:20:00","slug":"masini-utilaje","status":"publish","type":"page","link":"http:\/\/imroglass.ro\/?page_id=19","title":{"rendered":"Masini utilaje"},"content":{"rendered":"<ul>\n<li><a href=\"http:\/\/imroglass.ro\/wp-content\/uploads\/2014\/03\/machine.jpg\"><img loading=\"lazy\" decoding=\"async\" class=\"alignright size-full wp-image-121\" alt=\"machine\" src=\"http:\/\/imroglass.ro\/wp-content\/uploads\/2014\/03\/machine.jpg\" width=\"214\" height=\"220\" srcset=\"http:\/\/imroglass.ro\/wp-content\/uploads\/2014\/03\/machine.jpg 214w, http:\/\/imroglass.ro\/wp-content\/uploads\/2014\/03\/machine-58x60.jpg 58w, http:\/\/imroglass.ro\/wp-content\/uploads\/2014\/03\/machine-68x70.jpg 68w\" sizes=\"(max-width: 214px) 100vw, 214px\" \/><\/a>Utilaje \u015fi instala\u0163ii de t\u0103iat sticl\u0103<\/li>\n<li>Utilaje \u015fi instala\u0163ii pentru producerea geamurilor termoizolante<\/li>\n<li>Utilaje \u015fi instala\u0163ii pentru g\u0103urirea, \u015flefuirea \u015fi fazetarea sticlei<\/li>\n<li>Utilaje de sablat sticl\u0103<\/li>\n<li>Utilaje \u015fi instala\u0163ii pentru fuzionarea \u015fi \u00eendoirea sticlei<\/li>\n<li>Instala\u0163ii pentru securizat sticl\u0103<\/li>\n<li>Instala\u0163ii pentru vopsit \u015fi\u00a0xerigrafat sticl\u0103<\/li>\n<li>Instala\u0163ii pentru producerea sticlei stratificate<\/li>\n<\/ul>\n","protected":false},"excerpt":{"rendered":"<p>Utilaje \u015fi instala\u0163ii de t\u0103iat sticl\u0103 Utilaje \u015fi instala\u0163ii pentru producerea geamurilor termoizolante Utilaje \u015fi instala\u0163ii pentru g\u0103urirea, \u015flefuirea \u015fi fazetarea sticlei Utilaje de sablat sticl\u0103 Utilaje \u015fi instala\u0163ii pentru fuzionarea \u015fi \u00eendoirea sticlei Instala\u0163ii pentru securizat sticl\u0103 Instala\u0163ii pentru vopsit \u015fi\u00a0xerigrafat sticl\u0103 Instala\u0163ii pentru producerea sticlei stratificate<\/p>\n","protected":false},"author":1,"featured_media":47,"parent":0,"menu_order":0,"comment_status":"open","ping_status":"open","template":"","meta":{"_genesis_hide_title":false,"_genesis_hide_breadcrumbs":false,"_genesis_hide_singular_image":false,"_genesis_hide_footer_widgets":false,"_genesis_custom_body_class":"","_genesis_custom_post_class":"","_genesis_layout":"full-width-content","footnotes":""},"_links":{"self":[{"href":"http:\/\/imroglass.ro\/index.php?rest_route=\/wp\/v2\/pages\/19"}],"collection":[{"href":"http:\/\/imroglass.ro\/index.php?rest_route=\/wp\/v2\/pages"}],"about":[{"href":"http:\/\/imroglass.ro\/index.php?rest_route=\/wp\/v2\/types\/page"}],"author":[{"embeddable":true,"href":"http:\/\/imroglass.ro\/index.php?rest_route=\/wp\/v2\/users\/1"}],"replies":[{"embeddable":true,"href":"http:\/\/imroglass.ro\/index.php?rest_route=%2Fwp%2Fv2%2Fcomments&post=19"}],"version-history":[{"count":4,"href":"http:\/\/imroglass.ro\/index.php?rest_route=\/wp\/v2\/pages\/19\/revisions"}],"predecessor-version":[{"id":122,"href":"http:\/\/imroglass.ro\/index.php?rest_route=\/wp\/v2\/pages\/19\/revisions\/122"}],"wp:featuredmedia":[{"embeddable":true,"href":"http:\/\/imroglass.ro\/index.php?rest_route=\/wp\/v2\/media\/47"}],"wp:attachment":[{"href":"http:\/\/imroglass.ro\/index.php?rest_route=%2Fwp%2Fv2%2Fmedia&parent=19"}],"curies":[{"name":"wp","href":"https:\/\/api.w.org\/{rel}","templated":true}]}}